{"id":209,"date":"2025-07-12T15:12:18","date_gmt":"2025-07-12T13:12:18","guid":{"rendered":"http:\/\/localhost\/gadgetry.md\/?page_id=209"},"modified":"2026-03-27T11:37:57","modified_gmt":"2026-03-27T10:37:57","slug":"reservation","status":"publish","type":"page","link":"https:\/\/luconjoggingnature.fr\/?page_id=209","title":{"rendered":"Adh\u00e9sions 2025\/2026"},"content":{"rendered":"\t\t<div data-elementor-type=\"wp-page\" data-elementor-id=\"209\" class=\"elementor elementor-209\">\n\t\t\t\t\t\t<section class=\"elementor-section elementor-top-section elementor-element elementor-element-1ce6b718 elementor-section-boxed elementor-section-height-default elementor-section-height-default\" data-id=\"1ce6b718\" data-element_type=\"section\" data-e-type=\"section\">\n\t\t\t\t\t\t<div class=\"elementor-container elementor-column-gap-default\">\n\t\t\t\t\t<div class=\"elementor-column elementor-col-100 elementor-top-column elementor-element elementor-element-12d079f3\" data-id=\"12d079f3\" data-element_type=\"column\" data-e-type=\"column\">\n\t\t\t<div class=\"elementor-widget-wrap elementor-element-populated\">\n\t\t\t\t\t\t<div class=\"elementor-element elementor-element-1ebcb453 elementor-widget elementor-widget-text-editor\" data-id=\"1ebcb453\" data-element_type=\"widget\" data-e-type=\"widget\" data-widget_type=\"text-editor.default\">\n\t\t\t\t<div class=\"elementor-widget-container\">\n\t\t\t\t\t\t\t\t\t<h5><span style=\"color: #000000;\">Bonjour \u00e0 tous,<\/span><\/h5><h5><span style=\"color: #000000;\">Nous reprendrons les entrainements <strong>Jogging le mardi 2 septembre 2025 \u00e0 18h30. <\/strong><\/span><\/h5><h5><span style=\"color: #000000;\"><strong>Lieu de rassemblement<\/strong> : gymnase du Moulin Rouget.<\/span><\/h5><h5><span style=\"color: #000000;\"><strong>Jours et horaires :<\/strong><\/span><\/h5><h5><span style=\"color: #000000;\">\u2013 Mardi \u00e0 18h30 \u2013 Jeudi 19h00 \u2013 Dimanche 9h00.<\/span><\/h5><h5><span style=\"color: #0000ff;\"><strong>Pour la marche (avec ou sans b\u00e2tons) rendez-vous le mercredi 3 septembre 2025.<\/strong>\u00a0<\/span><\/h5><h5><span style=\"color: #0000ff;\"><strong>Jours de sortie marche : Mercredi, jeudi, vendredi et Dimanche.<\/strong><\/span><\/h5><h5><span style=\"color: #0000ff;\"><strong>Pour les horaires et le lieu de rdv, un mail vous sera adress\u00e9.<\/strong><\/span><\/h5><h5><span style=\"color: #000000;\"><strong>Renouvellement des licences et adh\u00e9sions:<\/strong><\/span><\/h5><h5><span style=\"color: #000000;\">Les tarifs pour cette nouvelle saison :<\/span><\/h5><h5><span style=\"color: #000000;\">Licence comp\u00e9tition : <strong>96\u20ac<\/strong><\/span><\/h5><h5><span style=\"color: #000000;\">Licence athl\u00e9 running : 70<strong>\u20ac<\/strong><\/span><\/h5><h5><span style=\"color: #000000;\">Carte Adh\u00e9rent (Coureur et Marcheur) : <strong>35\u20ac<\/strong><\/span><\/h5><h5><span style=\"color: #000000;\"><strong>Assurance et certificat m\u00e9dical: <\/strong>(voir le Bulletin-Adh\u00e9sion-LJN-2025-2026 plus bas dans cette page)<\/span><\/h5><h5><span style=\"color: #000000;\">Nous rappelons que les titulaires d\u2019une carte d\u2019adh\u00e9sion doivent obligatoirement fournir chaque ann\u00e9e un certificat m\u00e9dical valable depuis moins de 3 mois, en m\u00eame temps que le bulletin d\u2019adh\u00e9sion (pas d\u2019adh\u00e9sion possible sans certificat m\u00e9dical). <strong>N\u2019attendez pas pour prendre rendez-vous avec votre m\u00e9decin et notez la formule \u00a0\u00bb <em>pas de contre-indication \u00e0 la pratique de l\u2019athl\u00e9tisme ou course \u00e0 pied en comp\u00e9tition\u00a0\u00bb<\/em><\/strong><\/span><\/h5><h5><span style=\"color: #000000;\">&#8211; Pour les titulaires d\u2019une licence, remplir votre PPS (Parcours Pr\u00e9vention Sant\u00e9 qui remplace le certificat m\u00e9dical) sur le site de la FFA (Espace Licenci\u00e9) .<\/span><\/h5><h5><span style=\"color: #000000;\">&#8211; Pour les Non Licenci\u00e9s, si vous souhaitez participer \u00e0 une \u00e9preuve, remplir le <a style=\"color: #000000;\" href=\"https:\/\/pps.athle.fr\/\">Parcours Pr\u00e9vention Sant\u00e9<\/a> (https:\/\/pps.athle.fr\/).<\/span><\/h5><h5><span style=\"color: #000000;\">Le bulletin d\u2019adh\u00e9sion, le certificat m\u00e9dical \u00e9ventuel et le ch\u00e8que sont\u00a0 \u00e0 remettre au Pr\u00e9sident Daniel BAILLARGE, 14 rue d\u2019Ath\u00e8nes \u00e0 Lu\u00e7on 85400 \u2013 06 61 90 19 26 d\u00e8s que possible.<\/span><\/h5><h5><span style=\"color: #000000;\">Pour le Bureau<\/span><\/h5><h5><span style=\"color: #000000;\">Daniel Baillarg\u00e9.<\/span><\/h5><p><span style=\"color: #000000;\"><!-- \/wp:paragraph --><\/span><\/p>\t\t\t\t\t\t\t\t<\/div>\n\t\t\t\t<\/div>\n\t\t\t\t<div class=\"elementor-element elementor-element-c277b10 elementor-widget elementor-widget-text-editor\" data-id=\"c277b10\" data-element_type=\"widget\" data-e-type=\"widget\" data-widget_type=\"text-editor.default\">\n\t\t\t\t<div class=\"elementor-widget-container\">\n\t\t\t\t\t\t\t\t\t<h5><a href=\"https:\/\/luconjoggingnature.fr\/wp-content\/uploads\/2025\/07\/Bulletin-Adhesion-LJN-2025-2026-1.pdf\">Bulletin-Adhesion-LJN-2025-2026<\/a><\/h5>\t\t\t\t\t\t\t\t<\/div>\n\t\t\t\t<\/div>\n\t\t\t\t\t<\/div>\n\t\t<\/div>\n\t\t\t\t\t<\/div>\n\t\t<\/section>\n\t\t\t\t<section class=\"elementor-section elementor-top-section elementor-element elementor-element-d046b4f elementor-section-boxed elementor-section-height-default elementor-section-height-default\" data-id=\"d046b4f\" data-element_type=\"section\" data-e-type=\"section\">\n\t\t\t\t\t\t<div class=\"elementor-container elementor-column-gap-default\">\n\t\t\t\t\t<div class=\"elementor-column elementor-col-100 elementor-top-column elementor-element elementor-element-58ba07b\" data-id=\"58ba07b\" data-element_type=\"column\" data-e-type=\"column\">\n\t\t\t<div class=\"elementor-widget-wrap\">\n\t\t\t\t\t\t\t<\/div>\n\t\t<\/div>\n\t\t\t\t\t<\/div>\n\t\t<\/section>\n\t\t\t\t<\/div>\n\t\t","protected":false},"excerpt":{"rendered":"<p>Bonjour \u00e0 tous, Nous reprendrons les entrainements Jogging le mardi 2 septembre 2025 \u00e0 18h30. Lieu de rassemblement : gymnase du Moulin Rouget. Jours et horaires : \u2013 Mardi \u00e0&hellip;&nbsp;<a href=\"https:\/\/luconjoggingnature.fr\/?page_id=209\" rel=\"bookmark\">Lire la suite &raquo;<span class=\"screen-reader-text\">Adh\u00e9sions 2025\/2026<\/span><\/a><\/p>\n","protected":false},"author":1,"featured_media":0,"parent":0,"menu_order":0,"comment_status":"closed","ping_status":"closed","template":"","meta":{"neve_meta_sidebar":"","neve_meta_container":"","neve_meta_enable_content_width":"","neve_meta_content_width":0,"neve_meta_title_alignment":"","neve_meta_author_avatar":"","neve_post_elements_order":"","neve_meta_disable_header":"","neve_meta_disable_footer":"","neve_meta_disable_title":"","footnotes":""},"class_list":["post-209","page","type-page","status-publish","hentry"],"_links":{"self":[{"href":"https:\/\/luconjoggingnature.fr\/index.php?rest_route=\/wp\/v2\/pages\/209","targetHints":{"allow":["GET"]}}],"collection":[{"href":"https:\/\/luconjoggingnature.fr\/index.php?rest_route=\/wp\/v2\/pages"}],"about":[{"href":"https:\/\/luconjoggingnature.fr\/index.php?rest_route=\/wp\/v2\/types\/page"}],"author":[{"embeddable":true,"href":"https:\/\/luconjoggingnature.fr\/index.php?rest_route=\/wp\/v2\/users\/1"}],"replies":[{"embeddable":true,"href":"https:\/\/luconjoggingnature.fr\/index.php?rest_route=%2Fwp%2Fv2%2Fcomments&post=209"}],"version-history":[{"count":12,"href":"https:\/\/luconjoggingnature.fr\/index.php?rest_route=\/wp\/v2\/pages\/209\/revisions"}],"predecessor-version":[{"id":7299,"href":"https:\/\/luconjoggingnature.fr\/index.php?rest_route=\/wp\/v2\/pages\/209\/revisions\/7299"}],"wp:attachment":[{"href":"https:\/\/luconjoggingnature.fr\/index.php?rest_route=%2Fwp%2Fv2%2Fmedia&parent=209"}],"curies":[{"name":"wp","href":"https:\/\/api.w.org\/{rel}","templated":true}]}}