{"id":4094,"date":"2024-01-25T12:20:23","date_gmt":"2024-01-25T11:20:23","guid":{"rendered":"https:\/\/luconjoggingnature.fr\/?page_id=4094"},"modified":"2024-01-25T12:20:24","modified_gmt":"2024-01-25T11:20:24","slug":"calendrier-framadate","status":"publish","type":"page","link":"https:\/\/luconjoggingnature.fr\/?page_id=4094","title":{"rendered":"Calendrier Framadate"},"content":{"rendered":"\n<h5 class=\"wp-block-heading\"><strong>Veuillez trouver ci-dessous un mode Op\u00e9ratoire pour l&rsquo;utilisation du calendrier en ligne FRAMADATE<\/strong>.<\/h5>\n\n\n\n<h6 class=\"wp-block-heading\">La cr\u00e9ation d&rsquo;un sondage se fait \u00e0 partir de ce lien : <a href=\"https:\/\/framadate.org\/abc\/fr\/\">https:\/\/framadate.org\/abc\/fr\/<\/a><\/h6>\n\n\n\n<p><\/p>\n\n\n\n<p><\/p>\n\n\n\n<div data-wp-interactive=\"core\/file\" class=\"wp-block-file\"><object data-wp-bind--hidden=\"!state.hasPdfPreview\" hidden class=\"wp-block-file__embed\" data=\"https:\/\/luconjoggingnature.fr\/wp-content\/uploads\/2024\/01\/Presentation-Framadate.pdf\" type=\"application\/pdf\" style=\"width:100%;height:600px\" aria-label=\"Contenu embarqu\u00e9 Presentation-Framadate.\"><\/object><a id=\"wp-block-file--media-39857937-76c6-4d30-8592-c2d0d8ead7e6\" href=\"https:\/\/luconjoggingnature.fr\/wp-content\/uploads\/2024\/01\/Presentation-Framadate.pdf\">Presentation-Framadate<\/a><a href=\"https:\/\/luconjoggingnature.fr\/wp-content\/uploads\/2024\/01\/Presentation-Framadate.pdf\" class=\"wp-block-file__button wp-element-button\" download aria-describedby=\"wp-block-file--media-39857937-76c6-4d30-8592-c2d0d8ead7e6\">T\u00e9l\u00e9charger<\/a><\/div>\n","protected":false},"excerpt":{"rendered":"<p>Veuillez trouver ci-dessous un mode Op\u00e9ratoire pour l&rsquo;utilisation du calendrier en ligne FRAMADATE. La cr\u00e9ation d&rsquo;un sondage se fait \u00e0 partir de ce lien : https:\/\/framadate.org\/abc\/fr\/<\/p>\n","protected":false},"author":2,"featured_media":0,"parent":0,"menu_order":0,"comment_status":"closed","ping_status":"closed","template":"","meta":{"neve_meta_sidebar":"","neve_meta_container":"","neve_meta_enable_content_width":"","neve_meta_content_width":0,"neve_meta_title_alignment":"","neve_meta_author_avatar":"","neve_post_elements_order":"","neve_meta_disable_header":"","neve_meta_disable_footer":"","neve_meta_disable_title":"","footnotes":""},"class_list":["post-4094","page","type-page","status-publish","hentry"],"_links":{"self":[{"href":"https:\/\/luconjoggingnature.fr\/index.php?rest_route=\/wp\/v2\/pages\/4094","targetHints":{"allow":["GET"]}}],"collection":[{"href":"https:\/\/luconjoggingnature.fr\/index.php?rest_route=\/wp\/v2\/pages"}],"about":[{"href":"https:\/\/luconjoggingnature.fr\/index.php?rest_route=\/wp\/v2\/types\/page"}],"author":[{"embeddable":true,"href":"https:\/\/luconjoggingnature.fr\/index.php?rest_route=\/wp\/v2\/users\/2"}],"replies":[{"embeddable":true,"href":"https:\/\/luconjoggingnature.fr\/index.php?rest_route=%2Fwp%2Fv2%2Fcomments&post=4094"}],"version-history":[{"count":0,"href":"https:\/\/luconjoggingnature.fr\/index.php?rest_route=\/wp\/v2\/pages\/4094\/revisions"}],"wp:attachment":[{"href":"https:\/\/luconjoggingnature.fr\/index.php?rest_route=%2Fwp%2Fv2%2Fmedia&parent=4094"}],"curies":[{"name":"wp","href":"https:\/\/api.w.org\/{rel}","templated":true}]}}