{"id":4152,"date":"2025-09-22T11:52:46","date_gmt":"2025-09-22T09:52:46","guid":{"rendered":"https:\/\/luconjoggingnature.fr\/?page_id=4152"},"modified":"2025-11-05T12:21:56","modified_gmt":"2025-11-05T11:21:56","slug":"trail-vallee-de-lyon-2024","status":"publish","type":"page","link":"https:\/\/luconjoggingnature.fr\/?page_id=4152","title":{"rendered":"Trail et Rando Vall\u00e9e de l&rsquo;Yon 2025."},"content":{"rendered":"\t\t<div data-elementor-type=\"wp-page\" data-elementor-id=\"4152\" class=\"elementor elementor-4152\">\n\t\t\t\t\t\t<section class=\"elementor-section elementor-top-section elementor-element elementor-element-faa97dc elementor-section-boxed elementor-section-height-default elementor-section-height-default\" data-id=\"faa97dc\" data-element_type=\"section\" data-e-type=\"section\">\n\t\t\t\t\t\t<div class=\"elementor-container elementor-column-gap-default\">\n\t\t\t\t\t<div class=\"elementor-column elementor-col-100 elementor-top-column elementor-element elementor-element-6db240d\" data-id=\"6db240d\" data-element_type=\"column\" data-e-type=\"column\">\n\t\t\t<div class=\"elementor-widget-wrap elementor-element-populated\">\n\t\t\t\t\t\t<div class=\"elementor-element elementor-element-d9c2199 elementor-widget elementor-widget-text-editor\" data-id=\"d9c2199\" data-element_type=\"widget\" data-e-type=\"widget\" data-widget_type=\"text-editor.default\">\n\t\t\t\t<div class=\"elementor-widget-container\">\n\t\t\t\t\t\t\t\t\t<h5><span style=\"color: #000000;\">Le Trail de la Vall\u00e9e de l&rsquo;Yon \u00e9dition 2025 (Rosnay) a eu lieu le dimanche 12 octobre.<\/span><\/h5><h5 style=\"text-align: center;\"><a href=\"https:\/\/resultat.chrono-start.fr\/event?link=77009b254bdb001393042904a069c78c\">Tous les r\u00e9sultats en cliquant ICI.<\/a><\/h5>\t\t\t\t\t\t\t\t<\/div>\n\t\t\t\t<\/div>\n\t\t\t\t\t<\/div>\n\t\t<\/div>\n\t\t\t\t\t<\/div>\n\t\t<\/section>\n\t\t\t\t<section class=\"elementor-section elementor-top-section elementor-element elementor-element-f3817a7 elementor-section-boxed elementor-section-height-default elementor-section-height-default\" data-id=\"f3817a7\" data-element_type=\"section\" data-e-type=\"section\">\n\t\t\t\t\t\t<div class=\"elementor-container elementor-column-gap-default\">\n\t\t\t\t\t<div class=\"elementor-column elementor-col-100 elementor-top-column elementor-element elementor-element-3382561\" data-id=\"3382561\" data-element_type=\"column\" data-e-type=\"column\">\n\t\t\t<div class=\"elementor-widget-wrap elementor-element-populated\">\n\t\t\t\t\t\t<div class=\"elementor-element elementor-element-c89ab2c elementor-widget elementor-widget-image\" data-id=\"c89ab2c\" data-element_type=\"widget\" data-e-type=\"widget\" data-widget_type=\"image.default\">\n\t\t\t\t<div class=\"elementor-widget-container\">\n\t\t\t\t\t\t\t\t\t\t\t\t\t\t\t<img fetchpriority=\"high\" decoding=\"async\" width=\"724\" height=\"1024\" src=\"https:\/\/luconjoggingnature.fr\/wp-content\/uploads\/2025\/09\/Affiche-A4-Trail-2025-1-724x1024.jpg\" class=\"attachment-large size-large wp-image-6370\" alt=\"\" srcset=\"https:\/\/luconjoggingnature.fr\/wp-content\/uploads\/2025\/09\/Affiche-A4-Trail-2025-1-724x1024.jpg 724w, https:\/\/luconjoggingnature.fr\/wp-content\/uploads\/2025\/09\/Affiche-A4-Trail-2025-1-212x300.jpg 212w, https:\/\/luconjoggingnature.fr\/wp-content\/uploads\/2025\/09\/Affiche-A4-Trail-2025-1-768x1086.jpg 768w, https:\/\/luconjoggingnature.fr\/wp-content\/uploads\/2025\/09\/Affiche-A4-Trail-2025-1-1086x1536.jpg 1086w, https:\/\/luconjoggingnature.fr\/wp-content\/uploads\/2025\/09\/Affiche-A4-Trail-2025-1-1448x2048.jpg 1448w, https:\/\/luconjoggingnature.fr\/wp-content\/uploads\/2025\/09\/Affiche-A4-Trail-2025-1.jpg 1654w\" sizes=\"(max-width: 724px) 100vw, 724px\" \/>\t\t\t\t\t\t\t\t\t\t\t\t\t\t\t<\/div>\n\t\t\t\t<\/div>\n\t\t\t\t\t<\/div>\n\t\t<\/div>\n\t\t\t\t\t<\/div>\n\t\t<\/section>\n\t\t\t\t<section class=\"elementor-section elementor-top-section elementor-element elementor-element-e67220a elementor-section-boxed elementor-section-height-default elementor-section-height-default\" data-id=\"e67220a\" data-element_type=\"section\" data-e-type=\"section\">\n\t\t\t\t\t\t<div class=\"elementor-container elementor-column-gap-default\">\n\t\t\t\t\t<div class=\"elementor-column elementor-col-100 elementor-top-column elementor-element elementor-element-d95fd15\" data-id=\"d95fd15\" data-element_type=\"column\" data-e-type=\"column\">\n\t\t\t<div class=\"elementor-widget-wrap elementor-element-populated\">\n\t\t\t\t\t\t<div class=\"elementor-element elementor-element-248e929 elementor-widget elementor-widget-text-editor\" data-id=\"248e929\" data-element_type=\"widget\" data-e-type=\"widget\" data-widget_type=\"text-editor.default\">\n\t\t\t\t<div class=\"elementor-widget-container\">\n\t\t\t\t\t\t\t\t\t<h5><span style=\"color: #000000;\">Et pour nous rejoindre, voir les coordonn\u00e9es GPS ci-dessous :<\/span><\/h5>\t\t\t\t\t\t\t\t<\/div>\n\t\t\t\t<\/div>\n\t\t\t\t\t<\/div>\n\t\t<\/div>\n\t\t\t\t\t<\/div>\n\t\t<\/section>\n\t\t\t\t<section class=\"elementor-section elementor-top-section elementor-element elementor-element-d2bf36e elementor-section-boxed elementor-section-height-default elementor-section-height-default\" data-id=\"d2bf36e\" data-element_type=\"section\" data-e-type=\"section\">\n\t\t\t\t\t\t<div class=\"elementor-container elementor-column-gap-default\">\n\t\t\t\t\t<div class=\"elementor-column elementor-col-100 elementor-top-column elementor-element elementor-element-3acd216\" data-id=\"3acd216\" data-element_type=\"column\" data-e-type=\"column\">\n\t\t\t<div class=\"elementor-widget-wrap elementor-element-populated\">\n\t\t\t\t\t\t<div class=\"elementor-element elementor-element-100d65c elementor-widget elementor-widget-google_maps\" data-id=\"100d65c\" data-element_type=\"widget\" data-e-type=\"widget\" data-widget_type=\"google_maps.default\">\n\t\t\t\t<div class=\"elementor-widget-container\">\n\t\t\t\t\t\t\t<div class=\"elementor-custom-embed\">\n\t\t\t<iframe loading=\"lazy\"\n\t\t\t\t\tsrc=\"https:\/\/maps.google.com\/maps?q=46.53754949837191%2C%20-1.3109055191882166&#038;t=m&#038;z=10&#038;output=embed&#038;iwloc=near\"\n\t\t\t\t\ttitle=\"46.53754949837191, -1.3109055191882166\"\n\t\t\t\t\taria-label=\"46.53754949837191, -1.3109055191882166\"\n\t\t\t><\/iframe>\n\t\t<\/div>\n\t\t\t\t\t\t<\/div>\n\t\t\t\t<\/div>\n\t\t\t\t\t<\/div>\n\t\t<\/div>\n\t\t\t\t\t<\/div>\n\t\t<\/section>\n\t\t\t\t<\/div>\n\t\t","protected":false},"excerpt":{"rendered":"<p>Le Trail de la Vall\u00e9e de l&rsquo;Yon \u00e9dition 2025 (Rosnay) a eu lieu le dimanche 12 octobre. Tous les r\u00e9sultats en cliquant ICI. Et pour nous rejoindre, voir les coordonn\u00e9es&hellip;&nbsp;<a href=\"https:\/\/luconjoggingnature.fr\/?page_id=4152\" rel=\"bookmark\">Lire la suite &raquo;<span class=\"screen-reader-text\">Trail et Rando Vall\u00e9e de l&rsquo;Yon 2025.<\/span><\/a><\/p>\n","protected":false},"author":2,"featured_media":0,"parent":0,"menu_order":0,"comment_status":"closed","ping_status":"closed","template":"page-templates\/template-pagebuilder-full-width.php","meta":{"neve_meta_sidebar":"","neve_meta_container":"","neve_meta_enable_content_width":"","neve_meta_content_width":0,"neve_meta_title_alignment":"","neve_meta_author_avatar":"","neve_post_elements_order":"","neve_meta_disable_header":"","neve_meta_disable_footer":"","neve_meta_disable_title":"","footnotes":""},"class_list":["post-4152","page","type-page","status-publish","hentry"],"_links":{"self":[{"href":"https:\/\/luconjoggingnature.fr\/index.php?rest_route=\/wp\/v2\/pages\/4152","targetHints":{"allow":["GET"]}}],"collection":[{"href":"https:\/\/luconjoggingnature.fr\/index.php?rest_route=\/wp\/v2\/pages"}],"about":[{"href":"https:\/\/luconjoggingnature.fr\/index.php?rest_route=\/wp\/v2\/types\/page"}],"author":[{"embeddable":true,"href":"https:\/\/luconjoggingnature.fr\/index.php?rest_route=\/wp\/v2\/users\/2"}],"replies":[{"embeddable":true,"href":"https:\/\/luconjoggingnature.fr\/index.php?rest_route=%2Fwp%2Fv2%2Fcomments&post=4152"}],"version-history":[{"count":0,"href":"https:\/\/luconjoggingnature.fr\/index.php?rest_route=\/wp\/v2\/pages\/4152\/revisions"}],"wp:attachment":[{"href":"https:\/\/luconjoggingnature.fr\/index.php?rest_route=%2Fwp%2Fv2%2Fmedia&parent=4152"}],"curies":[{"name":"wp","href":"https:\/\/api.w.org\/{rel}","templated":true}]}}