{"id":51,"date":"2019-04-01T00:12:20","date_gmt":"2019-03-31T22:12:20","guid":{"rendered":"http:\/\/luconjoggingnature.fr\/?page_id=51"},"modified":"2026-01-27T14:30:22","modified_gmt":"2026-01-27T13:30:22","slug":"trombi-de-lasso","status":"publish","type":"page","link":"https:\/\/luconjoggingnature.fr\/?page_id=51","title":{"rendered":"Trombinoscope"},"content":{"rendered":"\n<figure class=\"wp-block-table is-style-regular has-medium-font-size\"><table class=\"has-black-color has-text-color\"><tbody><tr><td><strong>Retrouvez ci-dessous tous les membres du bureau de Lu\u00e7on Jogging Nature.<br>Pour les contacter, \u00e9crire \u00e0 <a href=\"mailto:jogginglucon85@gmail.com\">jogginglucon85@gmail.com<\/a><\/strong><br><br>Pr\u00e9sident : Daniel BAILLARGE<br>Vice-Pr\u00e9sident(e)s : Claudie DAVID et Joseph HERBRETEAU<br>Secr\u00e9taire : Luc GENDRONNEAU, Adjointe : Christine DELMONT<br>Tr\u00e9sori\u00e8re : Karine MASSIOT, \u00a0Adjoint : Martin DAVID<br>Les Membres : \u00c9lisabeth PERROCHON, Nathalie BONNET, Christine HERBRETEAU, Virginie THOMAS, Jean-Pierre MILLET, Laurent GIRAUD, Micka\u00ebl PRIOUZEAU, Jos\u00e9 LEITAO, Philippe MEUNIER, Jean-Charles BESSELIEVRE.<\/td><\/tr><\/tbody><tfoot><tr><\/tr><\/tfoot><\/table><\/figure>\n\n\n<div class=\"wp-block-image\">\n<figure class=\"aligncenter size-full is-resized\"><img fetchpriority=\"high\" decoding=\"async\" width=\"895\" height=\"764\" src=\"https:\/\/luconjoggingnature.fr\/wp-content\/uploads\/2026\/01\/Trombi-2026-1.jpg\" alt=\"\" class=\"wp-image-6995\" style=\"width:700px;height:undefinedpx\" srcset=\"https:\/\/luconjoggingnature.fr\/wp-content\/uploads\/2026\/01\/Trombi-2026-1.jpg 895w, https:\/\/luconjoggingnature.fr\/wp-content\/uploads\/2026\/01\/Trombi-2026-1-300x256.jpg 300w, https:\/\/luconjoggingnature.fr\/wp-content\/uploads\/2026\/01\/Trombi-2026-1-768x656.jpg 768w\" sizes=\"(max-width: 895px) 100vw, 895px\" \/><\/figure>\n<\/div>\n\n<div class=\"wp-block-image\">\n<figure class=\"aligncenter size-large\"><img decoding=\"async\" width=\"1024\" height=\"741\" src=\"https:\/\/luconjoggingnature.fr\/wp-content\/uploads\/2025\/06\/Remise-Maillots-2025-1-1024x741.jpg\" alt=\"\" class=\"wp-image-6091\" srcset=\"https:\/\/luconjoggingnature.fr\/wp-content\/uploads\/2025\/06\/Remise-Maillots-2025-1-1024x741.jpg 1024w, https:\/\/luconjoggingnature.fr\/wp-content\/uploads\/2025\/06\/Remise-Maillots-2025-1-300x217.jpg 300w, https:\/\/luconjoggingnature.fr\/wp-content\/uploads\/2025\/06\/Remise-Maillots-2025-1-768x555.jpg 768w, https:\/\/luconjoggingnature.fr\/wp-content\/uploads\/2025\/06\/Remise-Maillots-2025-1-1536x1111.jpg 1536w, https:\/\/luconjoggingnature.fr\/wp-content\/uploads\/2025\/06\/Remise-Maillots-2025-1-2048x1481.jpg 2048w\" sizes=\"(max-width: 1024px) 100vw, 1024px\" \/><figcaption class=\"wp-element-caption\">Remise de Maillots par notre partenaire O2 le 8 avril 2025<\/figcaption><\/figure>\n<\/div>\n\n\n<figure class=\"wp-block-gallery has-nested-images columns-default is-cropped wp-block-gallery-1 is-layout-flex wp-block-gallery-is-layout-flex\">\n<figure class=\"wp-block-image size-large\"><img decoding=\"async\" width=\"814\" height=\"546\" data-id=\"4080\" src=\"https:\/\/luconjoggingnature.fr\/wp-content\/uploads\/2024\/01\/trombi1.png\" alt=\"\" class=\"wp-image-4080\" srcset=\"https:\/\/luconjoggingnature.fr\/wp-content\/uploads\/2024\/01\/trombi1.png 814w, https:\/\/luconjoggingnature.fr\/wp-content\/uploads\/2024\/01\/trombi1-300x201.png 300w, https:\/\/luconjoggingnature.fr\/wp-content\/uploads\/2024\/01\/trombi1-768x515.png 768w\" sizes=\"(max-width: 814px) 100vw, 814px\" \/><figcaption class=\"wp-element-caption\"><strong>Fin de saison 2022-2023<\/strong><\/figcaption><\/figure>\n<\/figure>\n\n\n\n<figure class=\"wp-block-gallery has-nested-images columns-default is-cropped wp-block-gallery-2 is-layout-flex wp-block-gallery-is-layout-flex\">\n<figure class=\"wp-block-image size-large\"><img loading=\"lazy\" decoding=\"async\" width=\"1024\" height=\"768\" data-id=\"4082\" src=\"https:\/\/luconjoggingnature.fr\/wp-content\/uploads\/2024\/01\/groupe-1024x768-1.jpg\" alt=\"\" class=\"wp-image-4082\" srcset=\"https:\/\/luconjoggingnature.fr\/wp-content\/uploads\/2024\/01\/groupe-1024x768-1.jpg 1024w, https:\/\/luconjoggingnature.fr\/wp-content\/uploads\/2024\/01\/groupe-1024x768-1-300x225.jpg 300w, https:\/\/luconjoggingnature.fr\/wp-content\/uploads\/2024\/01\/groupe-1024x768-1-768x576.jpg 768w\" sizes=\"(max-width: 1024px) 100vw, 1024px\" \/><figcaption class=\"wp-element-caption\">Groupe avant entrainement<\/figcaption><\/figure>\n<\/figure>\n\n\n\n<p><\/p>\n\n\n\n<figure class=\"wp-block-gallery has-nested-images columns-default is-cropped wp-block-gallery-3 is-layout-flex wp-block-gallery-is-layout-flex\">\n<figure class=\"wp-block-image size-large\"><img loading=\"lazy\" decoding=\"async\" width=\"1024\" height=\"551\" data-id=\"4083\" src=\"https:\/\/luconjoggingnature.fr\/wp-content\/uploads\/2024\/01\/trombi2-1024x551.png\" alt=\"\" class=\"wp-image-4083\" srcset=\"https:\/\/luconjoggingnature.fr\/wp-content\/uploads\/2024\/01\/trombi2-1024x551.png 1024w, https:\/\/luconjoggingnature.fr\/wp-content\/uploads\/2024\/01\/trombi2-300x161.png 300w, https:\/\/luconjoggingnature.fr\/wp-content\/uploads\/2024\/01\/trombi2-768x413.png 768w, https:\/\/luconjoggingnature.fr\/wp-content\/uploads\/2024\/01\/trombi2.png 1041w\" sizes=\"(max-width: 1024px) 100vw, 1024px\" \/><figcaption class=\"wp-element-caption\">Quelques marcheurs. Fin de saison 2022-2023<\/figcaption><\/figure>\n<\/figure>\n","protected":false},"excerpt":{"rendered":"<p>Retrouvez ci-dessous tous les membres du bureau de Lu\u00e7on Jogging Nature.Pour les contacter, \u00e9crire \u00e0 jogginglucon85@gmail.com Pr\u00e9sident : Daniel BAILLARGEVice-Pr\u00e9sident(e)s : Claudie DAVID et Joseph HERBRETEAUSecr\u00e9taire : Luc GENDRONNEAU, Adjointe&hellip;&nbsp;<a href=\"https:\/\/luconjoggingnature.fr\/?page_id=51\" rel=\"bookmark\">Lire la suite &raquo;<span class=\"screen-reader-text\">Trombinoscope<\/span><\/a><\/p>\n","protected":false},"author":1,"featured_media":0,"parent":0,"menu_order":0,"comment_status":"closed","ping_status":"closed","template":"","meta":{"neve_meta_sidebar":"","neve_meta_container":"","neve_meta_enable_content_width":"","neve_meta_content_width":0,"neve_meta_title_alignment":"","neve_meta_author_avatar":"","neve_post_elements_order":"","neve_meta_disable_header":"","neve_meta_disable_footer":"","neve_meta_disable_title":"","footnotes":""},"class_list":["post-51","page","type-page","status-publish","hentry"],"_links":{"self":[{"href":"https:\/\/luconjoggingnature.fr\/index.php?rest_route=\/wp\/v2\/pages\/51","targetHints":{"allow":["GET"]}}],"collection":[{"href":"https:\/\/luconjoggingnature.fr\/index.php?rest_route=\/wp\/v2\/pages"}],"about":[{"href":"https:\/\/luconjoggingnature.fr\/index.php?rest_route=\/wp\/v2\/types\/page"}],"author":[{"embeddable":true,"href":"https:\/\/luconjoggingnature.fr\/index.php?rest_route=\/wp\/v2\/users\/1"}],"replies":[{"embeddable":true,"href":"https:\/\/luconjoggingnature.fr\/index.php?rest_route=%2Fwp%2Fv2%2Fcomments&post=51"}],"version-history":[{"count":1,"href":"https:\/\/luconjoggingnature.fr\/index.php?rest_route=\/wp\/v2\/pages\/51\/revisions"}],"predecessor-version":[{"id":6996,"href":"https:\/\/luconjoggingnature.fr\/index.php?rest_route=\/wp\/v2\/pages\/51\/revisions\/6996"}],"wp:attachment":[{"href":"https:\/\/luconjoggingnature.fr\/index.php?rest_route=%2Fwp%2Fv2%2Fmedia&parent=51"}],"curies":[{"name":"wp","href":"https:\/\/api.w.org\/{rel}","templated":true}]}}