{"id":753,"date":"2020-01-25T18:20:58","date_gmt":"2020-01-25T17:20:58","guid":{"rendered":"http:\/\/luconjoggingnature.fr\/?page_id=753"},"modified":"2022-05-06T16:04:47","modified_gmt":"2022-05-06T14:04:47","slug":"le-club","status":"publish","type":"page","link":"https:\/\/luconjoggingnature.fr\/?page_id=753","title":{"rendered":"Le Club"},"content":{"rendered":"\t\t<div data-elementor-type=\"wp-page\" data-elementor-id=\"753\" class=\"elementor elementor-753\">\n\t\t\t\t\t\t<section class=\"elementor-section elementor-top-section elementor-element elementor-element-706976eb elementor-section-boxed elementor-section-height-default elementor-section-height-default\" data-id=\"706976eb\" data-element_type=\"section\" data-e-type=\"section\">\n\t\t\t\t\t\t<div class=\"elementor-container elementor-column-gap-default\">\n\t\t\t\t\t<div class=\"elementor-column elementor-col-100 elementor-top-column elementor-element elementor-element-2d2d4a45\" data-id=\"2d2d4a45\" data-element_type=\"column\" data-e-type=\"column\">\n\t\t\t<div class=\"elementor-widget-wrap elementor-element-populated\">\n\t\t\t\t\t\t<div class=\"elementor-element elementor-element-386d47c1 elementor-widget elementor-widget-text-editor\" data-id=\"386d47c1\" data-element_type=\"widget\" data-e-type=\"widget\" data-widget_type=\"text-editor.default\">\n\t\t\t\t<div class=\"elementor-widget-container\">\n\t\t\t\t\t\t\t\t\t<p><\/p>\n<p class=\"has-black-color has-text-color has-medium-font-size\"><strong>Notre jeune club a \u00e9t\u00e9 cr\u00e9\u00e9 en 2018. Notre but\u00a0: favoriser la participation du plus grand nombre \u00e0 la pratique de la course \u00e0 pieds, sur route ou nature (trail), marche, etc. Pour plus d\u2019autonomie dans notre gestion des \u00e9preuves que nous organisons (les Plages Fautaises \u00e0 La Faute sur Mer en \u00e9t\u00e9- Le trail de la Vall\u00e9e de l\u2019Yon \u00e0 Rosnay en octobre, avec l\u2019aide du club de foot local) nous avons d\u00e9cid\u00e9 de fonder ce nouveau club et de nous affilier \u00e0 la F\u00e9d\u00e9ration Fran\u00e7aise d\u2019Athl\u00e9tisme.<\/strong><\/p>\n<p><\/p>\n<p><\/p>\n<p class=\"has-black-color has-text-color has-medium-font-size\"><strong>Notre objectif\u00a0: Permettre \u00e0 celles et ceux qui souhaitent courir sur route ou en nature de se retrouver pour des entra\u00eenements, des comp\u00e9titions\u00a0 ou simplement pour garder la forme. D\u00e9butants ou coureurs confirm\u00e9s, des entra\u00eeneurs form\u00e9s vous apporteront leurs conseils. Vous pouvez choisir une simple adh\u00e9sion ou une licence de la f\u00e9d\u00e9ration.<\/strong><\/p>\n<p><\/p>\n<p><\/p>\n<p class=\"has-black-color has-text-color has-medium-font-size\"><strong>Nous comptons environ 90 adh\u00e9rents qui ont plaisir \u00e0 se retrouver pour les entra\u00eenements le mardi \u00e0 18h30, le jeudi \u00e0 19h00 et le dimanche \u00e0 9h00 au gymnase du Moulin Rouget (Lyc\u00e9e Atlantique).<\/strong><\/p>\n<p class=\"has-black-color has-text-color has-medium-font-size\"><strong>La saison va de septembre \u00e0 juin. Vous pouvez venir nous retrouver \u00e0 l\u2019occasion d\u2019un entra\u00eenement.\u00a0<\/strong><\/p>\n<p class=\"has-black-color has-text-color has-medium-font-size\"><strong>Pour nous contacter, appelez<\/strong> <strong>Daniel Baillarg\u00e9 -pr\u00e9sident- au\u00a006 61 90 19 26, ou envoyer un mail \u00e0 l\u2019adresse\u00a0\u00a0\u00a0<a href=\"mailto:jogginglucon@gmail.com\">jogginglucon@gmail.com<\/a><\/strong><\/p>\n<p><\/p>\n<p><\/p>\n<p class=\"has-black-color has-text-color has-medium-font-size\"><strong>Chaque ann\u00e9e, nous organisons un week-end dans un autre d\u00e9partement. Nous prenons part \u00e0 une course ou \u00e0 une marche, avec h\u00e9bergement. Cela permet de nous conna\u00eetre et de d\u00e9couvrir d\u2019autres r\u00e9gions.<\/strong><\/p>\n<p><\/p>\n<p><\/p>\n<p class=\"has-black-color has-text-color has-medium-font-size\"><strong>Une ann\u00e9e sur deux nous invitons les autres clubs vend\u00e9ens un dimanche matin pour un entra\u00eenement commun, c\u2019est un moment privil\u00e9gi\u00e9 qui permet de se retrouver avec d\u2019autres coureurs de notre d\u00e9partement et de partager le verre de l\u2019amiti\u00e9.<\/strong><\/p>\n<p><\/p>\t\t\t\t\t\t\t\t<\/div>\n\t\t\t\t<\/div>\n\t\t\t\t\t<\/div>\n\t\t<\/div>\n\t\t\t\t\t<\/div>\n\t\t<\/section>\n\t\t\t\t<\/div>\n\t\t","protected":false},"excerpt":{"rendered":"<p>Notre jeune club a \u00e9t\u00e9 cr\u00e9\u00e9 en 2018. Notre but\u00a0: favoriser la participation du plus grand nombre \u00e0 la pratique de la course \u00e0 pieds, sur route ou nature (trail),&hellip;&nbsp;<a href=\"https:\/\/luconjoggingnature.fr\/?page_id=753\" rel=\"bookmark\">Lire la suite &raquo;<span class=\"screen-reader-text\">Le Club<\/span><\/a><\/p>\n","protected":false},"author":1,"featured_media":0,"parent":0,"menu_order":0,"comment_status":"closed","ping_status":"closed","template":"","meta":{"neve_meta_sidebar":"","neve_meta_container":"","neve_meta_enable_content_width":"","neve_meta_content_width":0,"neve_meta_title_alignment":"","neve_meta_author_avatar":"","neve_post_elements_order":"","neve_meta_disable_header":"","neve_meta_disable_footer":"","neve_meta_disable_title":"","footnotes":""},"class_list":["post-753","page","type-page","status-publish","hentry"],"_links":{"self":[{"href":"https:\/\/luconjoggingnature.fr\/index.php?rest_route=\/wp\/v2\/pages\/753","targetHints":{"allow":["GET"]}}],"collection":[{"href":"https:\/\/luconjoggingnature.fr\/index.php?rest_route=\/wp\/v2\/pages"}],"about":[{"href":"https:\/\/luconjoggingnature.fr\/index.php?rest_route=\/wp\/v2\/types\/page"}],"author":[{"embeddable":true,"href":"https:\/\/luconjoggingnature.fr\/index.php?rest_route=\/wp\/v2\/users\/1"}],"replies":[{"embeddable":true,"href":"https:\/\/luconjoggingnature.fr\/index.php?rest_route=%2Fwp%2Fv2%2Fcomments&post=753"}],"version-history":[{"count":0,"href":"https:\/\/luconjoggingnature.fr\/index.php?rest_route=\/wp\/v2\/pages\/753\/revisions"}],"wp:attachment":[{"href":"https:\/\/luconjoggingnature.fr\/index.php?rest_route=%2Fwp%2Fv2%2Fmedia&parent=753"}],"curies":[{"name":"wp","href":"https:\/\/api.w.org\/{rel}","templated":true}]}}