{"id":756,"date":"2025-10-28T21:04:27","date_gmt":"2025-10-28T20:04:27","guid":{"rendered":"http:\/\/luconjoggingnature.fr\/?page_id=756"},"modified":"2025-10-28T21:09:07","modified_gmt":"2025-10-28T20:09:07","slug":"la-boutique","status":"publish","type":"page","link":"https:\/\/luconjoggingnature.fr\/?page_id=756","title":{"rendered":"La Boutique"},"content":{"rendered":"\t\t<div data-elementor-type=\"wp-page\" data-elementor-id=\"756\" class=\"elementor elementor-756\">\n\t\t\t\t\t\t<section class=\"elementor-section elementor-top-section elementor-element elementor-element-8c7db54 elementor-section-boxed elementor-section-height-default elementor-section-height-default\" data-id=\"8c7db54\" data-element_type=\"section\" data-e-type=\"section\">\n\t\t\t\t\t\t<div class=\"elementor-container elementor-column-gap-default\">\n\t\t\t\t\t<div class=\"elementor-column elementor-col-100 elementor-top-column elementor-element elementor-element-a6067c7\" data-id=\"a6067c7\" data-element_type=\"column\" data-e-type=\"column\">\n\t\t\t<div class=\"elementor-widget-wrap elementor-element-populated\">\n\t\t\t\t\t\t<div class=\"elementor-element elementor-element-b6dc90e elementor-widget elementor-widget-text-editor\" data-id=\"b6dc90e\" data-element_type=\"widget\" data-e-type=\"widget\" data-widget_type=\"text-editor.default\">\n\t\t\t\t<div class=\"elementor-widget-container\">\n\t\t\t\t\t\t\t\t\t<h4 style=\"text-align: center;\"><span style=\"color: #000000;\"><strong>Les nouveaux \u00e9quipements 2025 sont arriv\u00e9s !<\/strong><\/span><\/h4>\t\t\t\t\t\t\t\t<\/div>\n\t\t\t\t<\/div>\n\t\t\t\t\t<\/div>\n\t\t<\/div>\n\t\t\t\t\t<\/div>\n\t\t<\/section>\n\t\t\t\t<section class=\"elementor-section elementor-top-section elementor-element elementor-element-7c2c8c4 elementor-section-boxed elementor-section-height-default elementor-section-height-default\" data-id=\"7c2c8c4\" data-element_type=\"section\" data-e-type=\"section\">\n\t\t\t\t\t\t<div class=\"elementor-container elementor-column-gap-default\">\n\t\t\t\t\t<div class=\"elementor-column elementor-col-100 elementor-top-column elementor-element elementor-element-03389a9\" data-id=\"03389a9\" data-element_type=\"column\" data-e-type=\"column\">\n\t\t\t<div class=\"elementor-widget-wrap elementor-element-populated\">\n\t\t\t\t\t\t<div class=\"elementor-element elementor-element-5a423c2 elementor-widget elementor-widget-text-editor\" data-id=\"5a423c2\" data-element_type=\"widget\" data-e-type=\"widget\" data-widget_type=\"text-editor.default\">\n\t\t\t\t<div class=\"elementor-widget-container\">\n\t\t\t\t\t\t\t\t\t<ul><li><h5><span style=\"color: #000000;\">Pour plus de renseignements, contacter Daniel Baillarg\u00e9 (Pr\u00e9sident) au 06 61 90 19 26<\/span><\/h5><\/li><\/ul>\t\t\t\t\t\t\t\t<\/div>\n\t\t\t\t<\/div>\n\t\t\t\t\t<\/div>\n\t\t<\/div>\n\t\t\t\t\t<\/div>\n\t\t<\/section>\n\t\t\t\t<section class=\"elementor-section elementor-top-section elementor-element elementor-element-418909a elementor-section-boxed elementor-section-height-default elementor-section-height-default\" data-id=\"418909a\" data-element_type=\"section\" data-e-type=\"section\">\n\t\t\t\t\t\t<div class=\"elementor-container elementor-column-gap-default\">\n\t\t\t\t\t<div class=\"elementor-column elementor-col-100 elementor-top-column elementor-element elementor-element-0bd47a6\" data-id=\"0bd47a6\" data-element_type=\"column\" data-e-type=\"column\">\n\t\t\t<div class=\"elementor-widget-wrap elementor-element-populated\">\n\t\t\t\t\t\t<div class=\"elementor-element elementor-element-a147db9 elementor-widget elementor-widget-text-editor\" data-id=\"a147db9\" data-element_type=\"widget\" data-e-type=\"widget\" data-widget_type=\"text-editor.default\">\n\t\t\t\t<div class=\"elementor-widget-container\">\n\t\t\t\t\t\t\t\t\t<h5><span style=\"color: #000000;\">Veste Mizuno Logo Club : Tarif adh\u00e9rents 20\u20ac. Vous rapprocher du Pr\u00e9sident pour la commande.<\/span><\/h5>\t\t\t\t\t\t\t\t<\/div>\n\t\t\t\t<\/div>\n\t\t\t\t\t<\/div>\n\t\t<\/div>\n\t\t\t\t\t<\/div>\n\t\t<\/section>\n\t\t\t\t<section class=\"elementor-section elementor-top-section elementor-element elementor-element-5d3ca6f elementor-section-boxed elementor-section-height-default elementor-section-height-default\" data-id=\"5d3ca6f\" data-element_type=\"section\" data-e-type=\"section\">\n\t\t\t\t\t\t<div class=\"elementor-container elementor-column-gap-default\">\n\t\t\t\t\t<div class=\"elementor-column elementor-col-100 elementor-top-column elementor-element elementor-element-8a43255\" data-id=\"8a43255\" data-element_type=\"column\" data-e-type=\"column\">\n\t\t\t<div class=\"elementor-widget-wrap elementor-element-populated\">\n\t\t\t\t\t\t<div class=\"elementor-element elementor-element-df89b95 elementor-widget elementor-widget-image\" data-id=\"df89b95\" data-element_type=\"widget\" data-e-type=\"widget\" data-widget_type=\"image.default\">\n\t\t\t\t<div class=\"elementor-widget-container\">\n\t\t\t\t\t\t\t\t\t\t\t\t\t\t\t<img fetchpriority=\"high\" decoding=\"async\" width=\"832\" height=\"656\" src=\"https:\/\/luconjoggingnature.fr\/wp-content\/uploads\/2025\/10\/2023-12-07-Veste-Mizuno.png\" class=\"attachment-large size-large wp-image-6676\" alt=\"\" srcset=\"https:\/\/luconjoggingnature.fr\/wp-content\/uploads\/2025\/10\/2023-12-07-Veste-Mizuno.png 832w, https:\/\/luconjoggingnature.fr\/wp-content\/uploads\/2025\/10\/2023-12-07-Veste-Mizuno-300x237.png 300w, https:\/\/luconjoggingnature.fr\/wp-content\/uploads\/2025\/10\/2023-12-07-Veste-Mizuno-768x606.png 768w\" sizes=\"(max-width: 832px) 100vw, 832px\" \/>\t\t\t\t\t\t\t\t\t\t\t\t\t\t\t<\/div>\n\t\t\t\t<\/div>\n\t\t\t\t\t<\/div>\n\t\t<\/div>\n\t\t\t\t\t<\/div>\n\t\t<\/section>\n\t\t\t\t<section class=\"elementor-section elementor-top-section elementor-element elementor-element-579e3b3 elementor-section-boxed elementor-section-height-default elementor-section-height-default\" data-id=\"579e3b3\" data-element_type=\"section\" data-e-type=\"section\">\n\t\t\t\t\t\t<div class=\"elementor-container elementor-column-gap-default\">\n\t\t\t\t\t<div class=\"elementor-column elementor-col-100 elementor-top-column elementor-element elementor-element-a2caee8\" data-id=\"a2caee8\" data-element_type=\"column\" data-e-type=\"column\">\n\t\t\t<div class=\"elementor-widget-wrap elementor-element-populated\">\n\t\t\t\t\t\t<div class=\"elementor-element elementor-element-02fe23e elementor-widget elementor-widget-text-editor\" data-id=\"02fe23e\" data-element_type=\"widget\" data-e-type=\"widget\" data-widget_type=\"text-editor.default\">\n\t\t\t\t<div class=\"elementor-widget-container\">\n\t\t\t\t\t\t\t\t\t<h5><span style=\"color: #000000;\">Gilet Fluo Gratuit pour chaque adh\u00e9rent. Vous rapprocher du Pr\u00e9sident pour la demande.<\/span><\/h5>\t\t\t\t\t\t\t\t<\/div>\n\t\t\t\t<\/div>\n\t\t\t\t\t<\/div>\n\t\t<\/div>\n\t\t\t\t\t<\/div>\n\t\t<\/section>\n\t\t\t\t<section class=\"elementor-section elementor-top-section elementor-element elementor-element-d1a6dd7 elementor-section-boxed elementor-section-height-default elementor-section-height-default\" data-id=\"d1a6dd7\" data-element_type=\"section\" data-e-type=\"section\">\n\t\t\t\t\t\t<div class=\"elementor-container elementor-column-gap-default\">\n\t\t\t\t\t<div class=\"elementor-column elementor-col-100 elementor-top-column elementor-element elementor-element-9028a48\" data-id=\"9028a48\" data-element_type=\"column\" data-e-type=\"column\">\n\t\t\t<div class=\"elementor-widget-wrap elementor-element-populated\">\n\t\t\t\t\t\t<div class=\"elementor-element elementor-element-3db955e elementor-widget elementor-widget-image\" data-id=\"3db955e\" data-element_type=\"widget\" data-e-type=\"widget\" data-widget_type=\"image.default\">\n\t\t\t\t<div class=\"elementor-widget-container\">\n\t\t\t\t\t\t\t\t\t\t\t\t\t\t\t<img decoding=\"async\" width=\"145\" height=\"251\" src=\"https:\/\/luconjoggingnature.fr\/wp-content\/uploads\/2025\/10\/Gilet-fluo-sans-manche.jpg\" class=\"attachment-large size-large wp-image-6677\" alt=\"\" \/>\t\t\t\t\t\t\t\t\t\t\t\t\t\t\t<\/div>\n\t\t\t\t<\/div>\n\t\t\t\t\t<\/div>\n\t\t<\/div>\n\t\t\t\t\t<\/div>\n\t\t<\/section>\n\t\t\t\t<section class=\"elementor-section elementor-top-section elementor-element elementor-element-652ce4c elementor-section-boxed elementor-section-height-default elementor-section-height-default\" data-id=\"652ce4c\" data-element_type=\"section\" data-e-type=\"section\">\n\t\t\t\t\t\t<div class=\"elementor-container elementor-column-gap-default\">\n\t\t\t\t\t<div class=\"elementor-column elementor-col-100 elementor-top-column elementor-element elementor-element-dab3339\" data-id=\"dab3339\" data-element_type=\"column\" data-e-type=\"column\">\n\t\t\t<div class=\"elementor-widget-wrap elementor-element-populated\">\n\t\t\t\t\t\t<div class=\"elementor-element elementor-element-c055bc5 elementor-widget elementor-widget-text-editor\" data-id=\"c055bc5\" data-element_type=\"widget\" data-e-type=\"widget\" data-widget_type=\"text-editor.default\">\n\t\t\t\t<div class=\"elementor-widget-container\">\n\t\t\t\t\t\t\t\t\t<h5><span style=\"color: #000000;\">Retrouvez ci-dessous les maillots avec notre Nouveau PartenaireO2<\/span><\/h5><h5><span style=\"color: #000000;\">Une participation par adh\u00e9rent est demand\u00e9e suivant le type de maillot. Cette participation s&rsquo;appliquera pour le 1er maillot achet\u00e9. (Cliquez sur les liens pour un visuel 3D)<\/span><\/h5><h5><span style=\"color: #000000;\">Maillot Trail Zipp\u00e9 : 20\u20ac (60\u20ac sans participation)<\/span><\/h5><p><span style=\"color: #000000;\"><a style=\"color: #000000;\" href=\"https:\/\/3d.inverseteams.com\/INVERSE2\/LU%C3%87ON%20JOGGING%20NATURE\/T-SHIRT%20TRAIL_16\/\"><span style=\"color: #0000ff;\">https:\/\/3d.inverseteams.com\/INVERSE2\/LU%C3%87ON%20JOGGING%20NATURE\/T-SHIRT%20TRAIL_16\/<\/span><\/a><span style=\"color: #0000ff;\">\u00a0[<a style=\"color: #0000ff;\" href=\"https:\/\/3d.inverseteams.com\/INVERSE2\/LU%C3%87ON%20JOGGING%20NATURE\/T-SHIRT%20TRAIL_16\/\">^<\/a>]<\/span><\/span><\/p><h5><span style=\"color: #000000;\">Maillot Running : 15\u20ac (43\u20ac sans participation)<\/span><\/h5><div><span style=\"color: #0000ff;\">https:\/\/3d.inverseteams.com\/INVERSE2\/LU%C3%87ON%20JOGGING%20NATURE\/T-SHIRT%20RUN_14\/<\/span><\/div><div>\u00a0<\/div><h5><span style=\"color: #000000;\">Maillot Athl\u00e9tisme H ou F : 10\u20ac (33\u20ac sans participation)<\/span><\/h5><p><span style=\"color: #000000;\"><a style=\"color: #000000;\" href=\"https:\/\/3d.inverseteams.com\/INVERSE2\/LU%C3%87ON%20JOGGING%20NATURE\/D%C3%A9BARDEUR%20PULSE%20H_17\/\"><span style=\"color: #0000ff;\">https:\/\/3d.inverseteams.com\/INVERSE2\/LU%C3%87ON%20JOGGING%20NATURE\/D%C3%A9BARDEUR%20PULSE%20H_17\/<\/span><\/a><span style=\"color: #0000ff;\">\u00a0[<a style=\"color: #0000ff;\" href=\"https:\/\/3d.inverseteams.com\/INVERSE2\/LU%C3%87ON%20JOGGING%20NATURE\/D%C3%A9BARDEUR%20PULSE%20H_17\/\">^<\/a>]<\/span><\/span><\/p><p><span style=\"color: #0000ff;\"><a id=\"ox-6b7a2e73d8-OWAc1bd8ddc-b1eb-245d-c4ac-9feb371d5e3c\" class=\"ox-6b7a2e73d8-OWAAutoLink\" style=\"color: #0000ff;\" href=\"https:\/\/3d.inverseteams.com\/INVERSE2\/LU%C3%87ON%20JOGGING%20NATURE\/D%C3%A9BARDEUR%20PULSE%20F_18\/\">https:\/\/3d.inverseteams.com\/INVERSE2\/LU%C3%87ON%20JOGGING%20NATURE\/D%C3%A9BARDEUR%20PULSE%20F_18\/<\/a>\u00a0[<a id=\"ox-6b7a2e73d8-OWA3398f942-d317-a5d3-9f5b-72627cb843be\" class=\"ox-6b7a2e73d8-OWAAutoLink\" style=\"color: #0000ff;\" href=\"https:\/\/3d.inverseteams.com\/INVERSE2\/LU%C3%87ON%20JOGGING%20NATURE\/D%C3%A9BARDEUR%20PULSE%20F_18\/\">^<\/a>]<\/span><\/p>\t\t\t\t\t\t\t\t<\/div>\n\t\t\t\t<\/div>\n\t\t\t\t\t<\/div>\n\t\t<\/div>\n\t\t\t\t\t<\/div>\n\t\t<\/section>\n\t\t\t\t<section class=\"elementor-section elementor-top-section elementor-element elementor-element-8f62926 elementor-section-boxed elementor-section-height-default elementor-section-height-default\" data-id=\"8f62926\" data-element_type=\"section\" data-e-type=\"section\">\n\t\t\t\t\t\t<div class=\"elementor-container elementor-column-gap-default\">\n\t\t\t\t\t<div class=\"elementor-column elementor-col-100 elementor-top-column elementor-element elementor-element-4ed3cbd\" data-id=\"4ed3cbd\" data-element_type=\"column\" data-e-type=\"column\">\n\t\t\t<div class=\"elementor-widget-wrap elementor-element-populated\">\n\t\t\t\t\t\t<div class=\"elementor-element elementor-element-b130961 elementor-widget elementor-widget-image\" data-id=\"b130961\" data-element_type=\"widget\" data-e-type=\"widget\" data-widget_type=\"image.default\">\n\t\t\t\t<div class=\"elementor-widget-container\">\n\t\t\t\t\t\t\t\t\t\t\t\t\t\t\t<img decoding=\"async\" width=\"637\" height=\"453\" src=\"https:\/\/luconjoggingnature.fr\/wp-content\/uploads\/2025\/02\/maillot-trail-2025.png.jpg\" class=\"attachment-large size-large wp-image-5331\" alt=\"\" srcset=\"https:\/\/luconjoggingnature.fr\/wp-content\/uploads\/2025\/02\/maillot-trail-2025.png.jpg 637w, https:\/\/luconjoggingnature.fr\/wp-content\/uploads\/2025\/02\/maillot-trail-2025.png-300x213.jpg 300w\" sizes=\"(max-width: 637px) 100vw, 637px\" \/>\t\t\t\t\t\t\t\t\t\t\t\t\t\t\t<\/div>\n\t\t\t\t<\/div>\n\t\t\t\t\t<\/div>\n\t\t<\/div>\n\t\t\t\t\t<\/div>\n\t\t<\/section>\n\t\t\t\t<section class=\"elementor-section elementor-top-section elementor-element elementor-element-6b6b314 elementor-section-boxed elementor-section-height-default elementor-section-height-default\" data-id=\"6b6b314\" data-element_type=\"section\" data-e-type=\"section\">\n\t\t\t\t\t\t<div class=\"elementor-container elementor-column-gap-default\">\n\t\t\t\t\t<div class=\"elementor-column elementor-col-100 elementor-top-column elementor-element elementor-element-e87c188\" data-id=\"e87c188\" data-element_type=\"column\" data-e-type=\"column\">\n\t\t\t<div class=\"elementor-widget-wrap elementor-element-populated\">\n\t\t\t\t\t\t<div class=\"elementor-element elementor-element-eaf63ab elementor-widget elementor-widget-image\" data-id=\"eaf63ab\" data-element_type=\"widget\" data-e-type=\"widget\" data-widget_type=\"image.default\">\n\t\t\t\t<div class=\"elementor-widget-container\">\n\t\t\t\t\t\t\t\t\t\t\t\t\t\t\t<img loading=\"lazy\" decoding=\"async\" width=\"644\" height=\"457\" src=\"https:\/\/luconjoggingnature.fr\/wp-content\/uploads\/2025\/02\/Maillot-Running.jpg\" class=\"attachment-large size-large wp-image-5332\" alt=\"\" srcset=\"https:\/\/luconjoggingnature.fr\/wp-content\/uploads\/2025\/02\/Maillot-Running.jpg 644w, https:\/\/luconjoggingnature.fr\/wp-content\/uploads\/2025\/02\/Maillot-Running-300x213.jpg 300w\" sizes=\"(max-width: 644px) 100vw, 644px\" \/>\t\t\t\t\t\t\t\t\t\t\t\t\t\t\t<\/div>\n\t\t\t\t<\/div>\n\t\t\t\t\t<\/div>\n\t\t<\/div>\n\t\t\t\t\t<\/div>\n\t\t<\/section>\n\t\t\t\t<section class=\"elementor-section elementor-top-section elementor-element elementor-element-6255fe0 elementor-section-boxed elementor-section-height-default elementor-section-height-default\" data-id=\"6255fe0\" data-element_type=\"section\" data-e-type=\"section\">\n\t\t\t\t\t\t<div class=\"elementor-container elementor-column-gap-default\">\n\t\t\t\t\t<div class=\"elementor-column elementor-col-100 elementor-top-column elementor-element elementor-element-94bf3e7\" data-id=\"94bf3e7\" data-element_type=\"column\" data-e-type=\"column\">\n\t\t\t<div class=\"elementor-widget-wrap elementor-element-populated\">\n\t\t\t\t\t\t<div class=\"elementor-element elementor-element-d497452 elementor-widget elementor-widget-image\" data-id=\"d497452\" data-element_type=\"widget\" data-e-type=\"widget\" data-widget_type=\"image.default\">\n\t\t\t\t<div class=\"elementor-widget-container\">\n\t\t\t\t\t\t\t\t\t\t\t\t\t\t\t<img loading=\"lazy\" decoding=\"async\" width=\"643\" height=\"455\" src=\"https:\/\/luconjoggingnature.fr\/wp-content\/uploads\/2025\/02\/Debardeur-Femme.jpg\" class=\"attachment-large size-large wp-image-5333\" alt=\"\" srcset=\"https:\/\/luconjoggingnature.fr\/wp-content\/uploads\/2025\/02\/Debardeur-Femme.jpg 643w, https:\/\/luconjoggingnature.fr\/wp-content\/uploads\/2025\/02\/Debardeur-Femme-300x212.jpg 300w\" sizes=\"(max-width: 643px) 100vw, 643px\" \/>\t\t\t\t\t\t\t\t\t\t\t\t\t\t\t<\/div>\n\t\t\t\t<\/div>\n\t\t\t\t\t<\/div>\n\t\t<\/div>\n\t\t\t\t\t<\/div>\n\t\t<\/section>\n\t\t\t\t<section class=\"elementor-section elementor-top-section elementor-element elementor-element-53f080c elementor-section-boxed elementor-section-height-default elementor-section-height-default\" data-id=\"53f080c\" data-element_type=\"section\" data-e-type=\"section\">\n\t\t\t\t\t\t<div class=\"elementor-container elementor-column-gap-default\">\n\t\t\t\t\t<div class=\"elementor-column elementor-col-100 elementor-top-column elementor-element elementor-element-87abd88\" data-id=\"87abd88\" data-element_type=\"column\" data-e-type=\"column\">\n\t\t\t<div class=\"elementor-widget-wrap elementor-element-populated\">\n\t\t\t\t\t\t<div class=\"elementor-element elementor-element-4b62b01 elementor-widget elementor-widget-image\" data-id=\"4b62b01\" data-element_type=\"widget\" data-e-type=\"widget\" data-widget_type=\"image.default\">\n\t\t\t\t<div class=\"elementor-widget-container\">\n\t\t\t\t\t\t\t\t\t\t\t\t\t\t\t<img loading=\"lazy\" decoding=\"async\" width=\"643\" height=\"457\" src=\"https:\/\/luconjoggingnature.fr\/wp-content\/uploads\/2025\/02\/Debardeur-Homme.jpg\" class=\"attachment-large size-large wp-image-5334\" alt=\"\" srcset=\"https:\/\/luconjoggingnature.fr\/wp-content\/uploads\/2025\/02\/Debardeur-Homme.jpg 643w, https:\/\/luconjoggingnature.fr\/wp-content\/uploads\/2025\/02\/Debardeur-Homme-300x213.jpg 300w\" sizes=\"(max-width: 643px) 100vw, 643px\" \/>\t\t\t\t\t\t\t\t\t\t\t\t\t\t\t<\/div>\n\t\t\t\t<\/div>\n\t\t\t\t\t<\/div>\n\t\t<\/div>\n\t\t\t\t\t<\/div>\n\t\t<\/section>\n\t\t\t\t<\/div>\n\t\t","protected":false},"excerpt":{"rendered":"<p>Les nouveaux \u00e9quipements 2025 sont arriv\u00e9s ! Pour plus de renseignements, contacter Daniel Baillarg\u00e9 (Pr\u00e9sident) au 06 61 90 19 26 Veste Mizuno Logo Club : Tarif adh\u00e9rents 20\u20ac. Vous&hellip;&nbsp;<a href=\"https:\/\/luconjoggingnature.fr\/?page_id=756\" rel=\"bookmark\">Lire la suite &raquo;<span class=\"screen-reader-text\">La Boutique<\/span><\/a><\/p>\n","protected":false},"author":1,"featured_media":0,"parent":0,"menu_order":0,"comment_status":"closed","ping_status":"closed","template":"","meta":{"neve_meta_sidebar":"","neve_meta_container":"","neve_meta_enable_content_width":"","neve_meta_content_width":0,"neve_meta_title_alignment":"","neve_meta_author_avatar":"","neve_post_elements_order":"","neve_meta_disable_header":"","neve_meta_disable_footer":"","neve_meta_disable_title":"","footnotes":""},"class_list":["post-756","page","type-page","status-publish","hentry"],"_links":{"self":[{"href":"https:\/\/luconjoggingnature.fr\/index.php?rest_route=\/wp\/v2\/pages\/756","targetHints":{"allow":["GET"]}}],"collection":[{"href":"https:\/\/luconjoggingnature.fr\/index.php?rest_route=\/wp\/v2\/pages"}],"about":[{"href":"https:\/\/luconjoggingnature.fr\/index.php?rest_route=\/wp\/v2\/types\/page"}],"author":[{"embeddable":true,"href":"https:\/\/luconjoggingnature.fr\/index.php?rest_route=\/wp\/v2\/users\/1"}],"replies":[{"embeddable":true,"href":"https:\/\/luconjoggingnature.fr\/index.php?rest_route=%2Fwp%2Fv2%2Fcomments&post=756"}],"version-history":[{"count":0,"href":"https:\/\/luconjoggingnature.fr\/index.php?rest_route=\/wp\/v2\/pages\/756\/revisions"}],"wp:attachment":[{"href":"https:\/\/luconjoggingnature.fr\/index.php?rest_route=%2Fwp%2Fv2%2Fmedia&parent=756"}],"curies":[{"name":"wp","href":"https:\/\/api.w.org\/{rel}","templated":true}]}}